{"id":1533,"date":"2016-04-15T02:10:55","date_gmt":"2016-04-15T00:10:55","guid":{"rendered":"http:\/\/hsv-ovenhausen.de\/?page_id=1533"},"modified":"2016-04-20T14:41:47","modified_gmt":"2016-04-20T12:41:47","slug":"2015-2","status":"publish","type":"page","link":"\/?page_id=1533","title":{"rendered":"2015"},"content":{"rendered":"<p><span style=\"color: #ff0000;\">Senioren A &#8211; Luftgewehr 10 Meter<\/span><\/p>\n<p>Die Sch\u00fctzen Ewald Hanke &#8211; Martin Bahr und Elmar Dr\u00fcke schossen\u00a0bei den diesj\u00e4hrigen Kreismeisterschaften den Kreisrekord. \u00a0Mit sagenhaften 899 von 900 M\u00f6glichen verwiesen Sie die Konkurrenz in die Schranken.<\/p>\n<p>In der Einzelwertung belegten die Sch\u00fctzen auch gleich die ersten drei Pl\u00e4tze. Kreismeister wurde Martin Bahr mit 300 Ring &#8211; genau wie Ewald Hanke, dieser hatte allerdings die schlechtere letzte Serie und kam somit auf Platz 2.\u00a0Den\u00a0dritten Platz\u00a0belegte Elmar Dr\u00fcke mit 299 Ring.<\/p>\n<p>Nach dem Schie\u00dfen sagte Elmar Dr\u00fcke &#8211;\u00a0solch\u00a0ein tolles Ergebnis bei den deutschen Meisterschaften und wir holen den Titel.<\/p>\n<p style=\"text-align: center;\"><a href=\"https:\/\/i0.wp.com\/hsv-ovenhausen.de\/hsv-neu\/wp-content\/uploads\/2016\/04\/DSC_6684_pp-3.jpg\"><img data-recalc-dims=\"1\" loading=\"lazy\" decoding=\"async\" data-attachment-id=\"1971\" data-permalink=\"\/?attachment_id=1971\" data-orig-file=\"https:\/\/i0.wp.com\/hsv-ovenhausen.de\/hsv-neu\/wp-content\/uploads\/2016\/04\/DSC_6684_pp-3.jpg?fit=2000%2C1333&amp;ssl=1\" data-orig-size=\"2000,1333\" data-comments-opened=\"0\" data-image-meta=\"{&quot;aperture&quot;:&quot;9&quot;,&quot;credit&quot;:&quot;Wollesen&quot;,&quot;camera&quot;:&quot;NIKON D610&quot;,&quot;caption&quot;:&quot;&quot;,&quot;created_timestamp&quot;:&quot;1420489560&quot;,&quot;copyright&quot;:&quot;CLAUDIA WOLLESEN&quot;,&quot;focal_length&quot;:&quot;36&quot;,&quot;iso&quot;:&quot;500&quot;,&quot;shutter_speed&quot;:&quot;0.005&quot;,&quot;title&quot;:&quot;&quot;,&quot;orientation&quot;:&quot;0&quot;}\" data-image-title=\"DSC_6684_pp\" data-image-description=\"\" data-image-caption=\"\" data-large-file=\"https:\/\/i0.wp.com\/hsv-ovenhausen.de\/hsv-neu\/wp-content\/uploads\/2016\/04\/DSC_6684_pp-3.jpg?fit=700%2C466&amp;ssl=1\" class=\" wp-image-1971 aligncenter\" src=\"https:\/\/i0.wp.com\/hsv-ovenhausen.de\/hsv-neu\/wp-content\/uploads\/2016\/04\/DSC_6684_pp-3.jpg?resize=393%2C262\" alt=\"DSC_6684_pp\" width=\"393\" height=\"262\" data-id=\"1971\" srcset=\"https:\/\/i0.wp.com\/hsv-ovenhausen.de\/hsv-neu\/wp-content\/uploads\/2016\/04\/DSC_6684_pp-3.jpg?resize=300%2C200&amp;ssl=1 300w, https:\/\/i0.wp.com\/hsv-ovenhausen.de\/hsv-neu\/wp-content\/uploads\/2016\/04\/DSC_6684_pp-3.jpg?resize=768%2C512&amp;ssl=1 768w, https:\/\/i0.wp.com\/hsv-ovenhausen.de\/hsv-neu\/wp-content\/uploads\/2016\/04\/DSC_6684_pp-3.jpg?resize=1024%2C682&amp;ssl=1 1024w, https:\/\/i0.wp.com\/hsv-ovenhausen.de\/hsv-neu\/wp-content\/uploads\/2016\/04\/DSC_6684_pp-3.jpg?w=2000&amp;ssl=1 2000w, https:\/\/i0.wp.com\/hsv-ovenhausen.de\/hsv-neu\/wp-content\/uploads\/2016\/04\/DSC_6684_pp-3.jpg?w=1400 1400w\" sizes=\"auto, (max-width: 393px) 100vw, 393px\" \/><\/a>von links: Elmar Dr\u00fcke &#8211; Ewald Hanke &#8211; Martin Bahr<\/p>\n<p>&nbsp;<\/p>\n<p><span style=\"color: #0000ff;\">Senioren &#8211; das sind die etwas j\u00fcngeren Kollegen\u00a0 \ud83d\ude42<\/span><\/p>\n<p><span style=\"color: #0000ff;\">Die Senioren<\/span> des HSV machten es den etwas \u00e4lteren Kollegen fast nach. Mit der Mannschaft belegten Sie ebenso den ersten Platz mit 892 Ring in Ihrer Altersklasse. In der Einzelwertung wurde J\u00fcrgen Todt mit 299 Ring Kreismeister gefolgt von Bernward Mutter, ebenso 299 Ring aber die schlechtere letzte Serie auf Platz 3. Unser Rolf Ma\u00dfmann belegte einen sehr guten 7 ten Platz.<\/p>\n<p><span style=\"color: #ff0000;\"><a href=\"https:\/\/i0.wp.com\/hsv-ovenhausen.de\/hsv-neu\/wp-content\/uploads\/2016\/04\/Rolf-Massmann-J%C3%BCrgen-Todt-Bernward-Mutter-1.jpg\"><img data-recalc-dims=\"1\" loading=\"lazy\" decoding=\"async\" data-attachment-id=\"1973\" data-permalink=\"\/?attachment_id=1973\" data-orig-file=\"https:\/\/i0.wp.com\/hsv-ovenhausen.de\/hsv-neu\/wp-content\/uploads\/2016\/04\/Rolf-Massmann-J%C3%BCrgen-Todt-Bernward-Mutter-1.jpg?fit=2000%2C1333&amp;ssl=1\" data-orig-size=\"2000,1333\" data-comments-opened=\"0\" data-image-meta=\"{&quot;aperture&quot;:&quot;9&quot;,&quot;credit&quot;:&quot;Wollesen&quot;,&quot;camera&quot;:&quot;NIKON D610&quot;,&quot;caption&quot;:&quot;&quot;,&quot;created_timestamp&quot;:&quot;1420489889&quot;,&quot;copyright&quot;:&quot;CLAUDIA WOLLESEN&quot;,&quot;focal_length&quot;:&quot;36&quot;,&quot;iso&quot;:&quot;500&quot;,&quot;shutter_speed&quot;:&quot;0.005&quot;,&quot;title&quot;:&quot;&quot;,&quot;orientation&quot;:&quot;0&quot;}\" data-image-title=\"Rolf Massmann &amp;#8211; J\u00fcrgen Todt &amp;#8211; Bernward Mutter\" data-image-description=\"\" data-image-caption=\"\" data-large-file=\"https:\/\/i0.wp.com\/hsv-ovenhausen.de\/hsv-neu\/wp-content\/uploads\/2016\/04\/Rolf-Massmann-J%C3%BCrgen-Todt-Bernward-Mutter-1.jpg?fit=700%2C466&amp;ssl=1\" class=\"alignnone wp-image-1973\" src=\"https:\/\/i0.wp.com\/hsv-ovenhausen.de\/hsv-neu\/wp-content\/uploads\/2016\/04\/Rolf-Massmann-J%C3%BCrgen-Todt-Bernward-Mutter-1.jpg?resize=519%2C346\" alt=\"Rolf Massmann - J\u00fcrgen Todt - Bernward Mutter\" width=\"519\" height=\"346\" data-id=\"1973\" srcset=\"https:\/\/i0.wp.com\/hsv-ovenhausen.de\/hsv-neu\/wp-content\/uploads\/2016\/04\/Rolf-Massmann-J%C3%BCrgen-Todt-Bernward-Mutter-1.jpg?resize=300%2C200&amp;ssl=1 300w, https:\/\/i0.wp.com\/hsv-ovenhausen.de\/hsv-neu\/wp-content\/uploads\/2016\/04\/Rolf-Massmann-J%C3%BCrgen-Todt-Bernward-Mutter-1.jpg?resize=768%2C512&amp;ssl=1 768w, https:\/\/i0.wp.com\/hsv-ovenhausen.de\/hsv-neu\/wp-content\/uploads\/2016\/04\/Rolf-Massmann-J%C3%BCrgen-Todt-Bernward-Mutter-1.jpg?resize=1024%2C682&amp;ssl=1 1024w, https:\/\/i0.wp.com\/hsv-ovenhausen.de\/hsv-neu\/wp-content\/uploads\/2016\/04\/Rolf-Massmann-J%C3%BCrgen-Todt-Bernward-Mutter-1.jpg?w=2000&amp;ssl=1 2000w, https:\/\/i0.wp.com\/hsv-ovenhausen.de\/hsv-neu\/wp-content\/uploads\/2016\/04\/Rolf-Massmann-J%C3%BCrgen-Todt-Bernward-Mutter-1.jpg?w=1400 1400w\" sizes=\"auto, (max-width: 519px) 100vw, 519px\" \/><\/a><\/span><\/p>\n<p>von links: Rolf Ma\u00dfmann &#8211; J\u00fcrgen Todt &#8211; Bernward Mutter<\/p>\n<p>&nbsp;<\/p>\n<p>&nbsp;<\/p>\n<p>&nbsp;<\/p>\n<p>&nbsp;<\/p>\n","protected":false},"excerpt":{"rendered":"<p>Senioren A &#8211; Luftgewehr 10 Meter Die Sch\u00fctzen Ewald Hanke &#8211; Martin Bahr und Elmar Dr\u00fcke schossen\u00a0bei den diesj\u00e4hrigen Kreismeisterschaften den Kreisrekord. \u00a0Mit sagenhaften 899 von 900 M\u00f6glichen verwiesen Sie die Konkurrenz in die Schranken. In der Einzelwertung belegten die&hellip; <\/p>\n","protected":false},"author":6,"featured_media":0,"parent":1415,"menu_order":0,"comment_status":"closed","ping_status":"closed","template":"","meta":{"jetpack_post_was_ever_published":false,"footnotes":""},"class_list":["post-1533","page","type-page","status-publish","hentry"],"jetpack_sharing_enabled":true,"jetpack_shortlink":"https:\/\/wp.me\/P7qpVN-oJ","jetpack-related-posts":[{"id":1529,"url":"\/?page_id=1529","url_meta":{"origin":1533,"position":0},"title":"2015","author":"Martin Bahr","date":"15. April 2016","format":false,"excerpt":"Senioren A -\u00a0KK 50 Meter Die Sch\u00fctzen Ewald Hanke - Martin Bahr und Elmar Dr\u00fcke sicherten sich bei den diesj\u00e4hrigen Kreismeisterschaften in H\u00f6xter den Titel. In der Einzelwertung belegten die Sch\u00fctzen auch gleich nur vordere\u00a0Pl\u00e4tze. Kreismeister wurde\u00a0Ewald Hanke\u00a0mit\u00a0298 Ring -\u00a0vor Martin Bahr, der mit 294 Ring\u00a0Platz 2 belegte.\u00a0Den\u00a0siebten Platz\u00a0belegte Elmar\u2026","rel":"","context":"\u00c4hnlicher Beitrag","block_context":{"text":"\u00c4hnlicher Beitrag","link":""},"img":{"alt_text":"DSC_6684_pp","src":"https:\/\/i0.wp.com\/hsv-ovenhausen.de\/hsv-neu\/wp-content\/uploads\/2016\/04\/DSC_6684_pp-3-300x200.jpg?resize=350%2C200","width":350,"height":200},"classes":[]},{"id":1477,"url":"\/?page_id=1477","url_meta":{"origin":1533,"position":1},"title":"2015","author":"Martin Bahr","date":"13. April 2016","format":false,"excerpt":"HSV Ovenhausen sammelt bei den Bezirksmeisterschaften in H\u00f6velhof Kleinkaliber (KK 50 Meter) viele Titel. Beste Einzelsch\u00fctzen im Bezirk - J\u00fcrgen Todt und Martin Bahr Die Mannschaft mit den Sch\u00fctzen: Martin Bahr 296 Ring \u2013 Ewald Hanke 287 Ring und Elmar Dr\u00fcke 275 Ring sicherte sich den Titel in der Klasse\u2026","rel":"","context":"\u00c4hnlicher Beitrag","block_context":{"text":"\u00c4hnlicher Beitrag","link":""},"img":{"alt_text":"DSC_6684_pp","src":"https:\/\/i0.wp.com\/hsv-ovenhausen.de\/hsv-neu\/wp-content\/uploads\/2016\/04\/DSC_6684_pp-2-300x200.jpg?resize=350%2C200","width":350,"height":200},"classes":[]},{"id":1541,"url":"\/?page_id=1541","url_meta":{"origin":1533,"position":2},"title":"2015 Senioren A","author":"Martin Bahr","date":"15. April 2016","format":false,"excerpt":"Die Landesmeisterschaften 2015 bei den \"Senioren A\" standen ganz im Zeichen des HSV-Ovenhausen. Geschossen wurde Luftgewehr auf 10 Meter Entfernung. Gerade p\u00fcnktlich zum gro\u00dfen Heimatfest haben die Sch\u00fctzen\u00a0Elmar Dr\u00fcke 299 Ring, Martin Bahr 300 Ring und Ewald Hanke 300 Ring\u00a0diese tolle\u00a0Leistung abrufen k\u00f6nnen. Mit 899 von 900 M\u00f6glichen wurde der\u2026","rel":"","context":"\u00c4hnlicher Beitrag","block_context":{"text":"\u00c4hnlicher Beitrag","link":""},"img":{"alt_text":"","src":"https:\/\/i0.wp.com\/hsv-ovenhausen.de\/hsv-neu\/wp-content\/uploads\/2016\/04\/DSC_6684_pp-1.jpg?fit=1200%2C800&ssl=1&resize=350%2C200","width":350,"height":200,"srcset":"https:\/\/i0.wp.com\/hsv-ovenhausen.de\/hsv-neu\/wp-content\/uploads\/2016\/04\/DSC_6684_pp-1.jpg?fit=1200%2C800&ssl=1&resize=350%2C200 1x, https:\/\/i0.wp.com\/hsv-ovenhausen.de\/hsv-neu\/wp-content\/uploads\/2016\/04\/DSC_6684_pp-1.jpg?fit=1200%2C800&ssl=1&resize=525%2C300 1.5x, https:\/\/i0.wp.com\/hsv-ovenhausen.de\/hsv-neu\/wp-content\/uploads\/2016\/04\/DSC_6684_pp-1.jpg?fit=1200%2C800&ssl=1&resize=700%2C400 2x, https:\/\/i0.wp.com\/hsv-ovenhausen.de\/hsv-neu\/wp-content\/uploads\/2016\/04\/DSC_6684_pp-1.jpg?fit=1200%2C800&ssl=1&resize=1050%2C600 3x"},"classes":[]},{"id":2030,"url":"\/?page_id=2030","url_meta":{"origin":1533,"position":3},"title":"2016","author":"Martin Bahr","date":"22. April 2016","format":false,"excerpt":"Bezirksmeisterschaft KK 100 Meter \u2013 Senioren A Die erste Mannschaft des HSV Ovenhausen mit den Sch\u00fctzen: Ewald Hanke 298 \u2013 Elmar Dr\u00fcke 298 und Martin Bahr 297 sichern sich den Titel vor Brakel Platz 1\u00a0\u00a0\u00a0\u00a0\u00a0\u00a0\u00a0\u00a0\u00a0\u00a0\u00a0\u00a0\u00a0\u00a0\u00a0\u00a0 HSV Ovenhausen\u00a0\u00a0\u00a0\u00a0\u00a0\u00a0\u00a0\u00a0\u00a0\u00a0\u00a0 893 Ring Platz 2\u00a0\u00a0\u00a0\u00a0\u00a0\u00a0\u00a0\u00a0\u00a0\u00a0\u00a0\u00a0\u00a0\u00a0\u00a0\u00a0 Brakel I\u00a0\u00a0\u00a0\u00a0\u00a0\u00a0\u00a0\u00a0\u00a0\u00a0\u00a0\u00a0\u00a0\u00a0\u00a0\u00a0\u00a0\u00a0\u00a0\u00a0\u00a0\u00a0\u00a0\u00a0\u00a0\u00a0\u00a0\u00a0 887 Ring Von links: Elmar Dr\u00fcke \u2013\u2026","rel":"","context":"\u00c4hnlicher Beitrag","block_context":{"text":"\u00c4hnlicher Beitrag","link":""},"img":{"alt_text":"DSC_6684_pp","src":"https:\/\/i0.wp.com\/hsv-ovenhausen.de\/hsv-neu\/wp-content\/uploads\/2016\/04\/DSC_6684_pp-3-300x200.jpg?resize=350%2C200","width":350,"height":200},"classes":[]},{"id":1527,"url":"\/?page_id=1527","url_meta":{"origin":1533,"position":4},"title":"2015","author":"Martin Bahr","date":"15. April 2016","format":false,"excerpt":"HSV Ovenhausen Bei den deutschen Meisterschaften LG Auflage Senioren A - 10 Meter am vergangenen Wochenende in Dortmund konnte der HSV seine hohen Erwartungen leider nicht ganz erf\u00fcllen. Als diesj\u00e4hriger Landesmeister mit 899 von 900 m\u00f6glichen Ring als Mitfavorit f\u00fcr den Titel gestartet, hielten die Nerven bei den Mannschaftssch\u00fctzen jedoch\u2026","rel":"","context":"\u00c4hnlicher Beitrag","block_context":{"text":"\u00c4hnlicher Beitrag","link":""},"img":{"alt_text":"20151018_154132 (2)","src":"https:\/\/i0.wp.com\/hsv-ovenhausen.de\/hsv-neu\/wp-content\/uploads\/2016\/04\/20151018_154132-2-300x169.jpg?resize=350%2C200","width":350,"height":200},"classes":[]},{"id":1537,"url":"\/?page_id=1537","url_meta":{"origin":1533,"position":5},"title":"2015 Senioren A","author":"Martin Bahr","date":"15. April 2016","format":false,"excerpt":"Senioren A F\u00fcr den HSV ist diese Turnier leider nicht so gut gelaufen. Trotz des vielen Trainings konnten die eigenen\u00a0Erwartungen auch nicht nur ann\u00e4hernd erf\u00fcllt werden. Die Sch\u00fctzen -\u00a0Martin Bahr 290 Ring - Ewald Hanke 285 Ring und Elmar Dr\u00fcke 281 Ring waren mit diesen Ergebnissen \u00fcberhaupt nicht zufrieden. F\u00fcr\u2026","rel":"","context":"\u00c4hnlicher Beitrag","block_context":{"text":"\u00c4hnlicher Beitrag","link":""},"img":{"alt_text":"DSC_6684_pp","src":"https:\/\/i0.wp.com\/hsv-ovenhausen.de\/hsv-neu\/wp-content\/uploads\/2016\/04\/DSC_6684_pp-3-300x200.jpg?resize=350%2C200","width":350,"height":200},"classes":[]}],"_links":{"self":[{"href":"\/index.php?rest_route=\/wp\/v2\/pages\/1533","targetHints":{"allow":["GET"]}}],"collection":[{"href":"\/index.php?rest_route=\/wp\/v2\/pages"}],"about":[{"href":"\/index.php?rest_route=\/wp\/v2\/types\/page"}],"author":[{"embeddable":true,"href":"\/index.php?rest_route=\/wp\/v2\/users\/6"}],"replies":[{"embeddable":true,"href":"\/index.php?rest_route=%2Fwp%2Fv2%2Fcomments&post=1533"}],"version-history":[{"count":9,"href":"\/index.php?rest_route=\/wp\/v2\/pages\/1533\/revisions"}],"predecessor-version":[{"id":1978,"href":"\/index.php?rest_route=\/wp\/v2\/pages\/1533\/revisions\/1978"}],"up":[{"embeddable":true,"href":"\/index.php?rest_route=\/wp\/v2\/pages\/1415"}],"wp:attachment":[{"href":"\/index.php?rest_route=%2Fwp%2Fv2%2Fmedia&parent=1533"}],"curies":[{"name":"wp","href":"https:\/\/api.w.org\/{rel}","templated":true}]}}