{"id":29,"date":"2014-08-12T22:34:06","date_gmt":"2014-08-12T20:34:06","guid":{"rendered":"http:\/\/test.hsv-ovenhausen.de\/hsv-neu\/?page_id=29"},"modified":"2025-12-16T18:48:29","modified_gmt":"2025-12-16T17:48:29","slug":"schiessgruppe","status":"publish","type":"page","link":"\/?page_id=29","title":{"rendered":"Schie\u00dfsport (alte Seite)"},"content":{"rendered":"<p><strong>Spitzenreiter in der Leistungsklasse &#8211; HSV holt Top-Platzierungen und Titel<\/strong><\/p>\n<div id=\"attachment_262\" style=\"width: 460px\" class=\"wp-caption alignnone\"><a href=\"https:\/\/i0.wp.com\/test.hsv-ovenhausen.de\/hsv-neu\/wp-content\/uploads\/2014\/08\/Schiessgruppe.jpg\"><img data-recalc-dims=\"1\" loading=\"lazy\" decoding=\"async\" aria-describedby=\"caption-attachment-262\" class=\"wp-image-262 size-full\" src=\"https:\/\/i0.wp.com\/test.hsv-ovenhausen.de\/hsv-neu\/wp-content\/uploads\/2014\/08\/Schiessgruppe.jpg?resize=450%2C280\" alt=\"Mit Kleinkaliber und Luftgewehr auf Titeljagd. Das sind die f\u00fcnf Sch\u00fctzen (von links): Ewald Hanke, Bernward Mutter, Martin Bahr, J\u00fcrgen Todt und Markus B\u00f6melburg. Der HSV Ovenhausen belegt in der Leistungsklasse Rang eins. Foto: Oliver Temme\" width=\"450\" height=\"280\" data-id=\"262\" \/><\/a><p id=\"caption-attachment-262\" class=\"wp-caption-text\">Mit Kleinkaliber und Luftgewehr auf Titeljagd. Das sind die f\u00fcnf Sch\u00fctzen (von links): Ewald Hanke, Bernward Mutter, Martin Bahr, J\u00fcrgen Todt und Markus B\u00f6melburg.\u00a0Der HSV Ovenhausen belegt in der Leistungsklasse Rang eins.<br \/>Foto: Oliver Temme<\/p><\/div>\n<p>Ob Luftgewehr oder Kleinkaliber \u2013 die Sportsch\u00fctzen des HSV Ovenhausen sind im Kreis H\u00f6xter die treffsichersten. Sogar auf Bundesebene hat es f\u00fcr einen Sportler im Oktober Grund zum Jubeln gegeben. Bei der Deutschen Meisterschaft in Hannover landete Ewald Hanke mit Platz vier in der Klasse \u00bbSenioren A\u00ab einen echten Coup. \u00bbDas hat es in unserer Vereinsgeschichte noch nicht gegeben und ist bis dato definitiv der gr\u00f6\u00dfte Erfolg \u00fcberhaupt\u00ab, hebt Mannschaftskamerad Martin Bahr hervor. Mehr als 200 Sch\u00fctzen im Alter von 56 und 65 Jahren waren an den Start gegangen. Mit 295 von 300 m\u00f6glichen Ringen bei 30 Sch\u00fcssen war Hanke sogar punktgleich mit dem Dritten \u2013 das war haarscharf.<\/p>\n<p>\u00bbSchade, dass es nicht f\u00fcr Bronze gereicht hat\u00ab, sagt der Mann mit der ruhigen Hand. \u00bbDie Ausgeglichenheit bei den Sch\u00fctzen ist gro\u00df, so dass bei Ringgleichheit oft der letzte Schuss entscheidet\u00ab<\/p>\n<p>Diese Leistungsdichte in der Spitze beinhaltet eine gewisse Tragik. Diese hat auch Martin Bahr erfahren. Bei der Deutschen Luftgewehr-Meisterschaft in Dortmund steht von 580 Teilnehmern in der Klasse \u00bbSenioren A\u00ab ein starker 31. Platz zu Buche. Doch mit 299 von 300 m\u00f6glichen Ringen waren dem Ovenh\u00e4user einige Kontrahenten voraus. \u00bbIm Endeffekt hatte Martin noch Gl\u00fcck, dass er den Fehlschuss in seiner ersten Zehner-Serie hatte. Andernfalls h\u00e4tte er bis auf Platz hundert zur\u00fcckfallen k\u00f6nnen\u00ab, erkl\u00e4rt Bahrs Teamkollege J\u00fcrgen Todt. \u00bbIch selbst habe leider das n\u00f6tige Alter noch nicht erreicht, um an den Deutschen Meisterschaften teilzunehmen\u00ab, flachst Todt, der Dritte im Bunde der Leistungssch\u00fctzen aus dem ehemaligen Bundes-Golddorf. Nach dem Sieg bei den Kreismeisterschaften, Platz zwei bei den Bezirksmeisterschaften und Rang 24 bei den Landesmeisterschaften war f\u00fcr Todt im Kleinkaliber bei den Senioren Endstation.<\/p>\n<p>Im Luftgewehrbereich sind die Akteure des HSV Ovenhausen ebenfalls erfolgreich. Die Bezirksmeisterschaft in H\u00f6velhof schlossen J\u00fcrgen Todt und Martin Bahr jeweils als Vizemeister in ihrer Altersklasse ab. Erstaunlich: Bahr konnte diese Platzierung bei den Landesmeisterschaften best\u00e4tigen, Ewald Hanke gelang sogar der Sprung von Platz neun auf drei. J\u00fcrgen Todt schaffte es in der j\u00fcngeren Altersklasse (46 bis 55 Jahre) mit 299 von 300 Ringen auf Rang 17.<\/p>\n<p>Dass die guten Resultate bei \u00fcberkreislichen Wettk\u00e4mpfen eine Besonderheit darstellen, dokumentiert die Dominanz in heimischen Gefilden. Die Tabellen der Rundenwettk\u00e4mpfe im Kreis H\u00f6xter f\u00fchrt der HSV Ovenhausen \u2013 im Kleinkaliber wie Luftgewehr \u2013 als Spitzenreiter an. In der h\u00f6chsten Kleinkaliber-Liga im Kreis H\u00f6xter, der Leistungsklasse, belegt das Ensemble aus Ovenhausen ebenfalls Platz eins. In der Einzelwertung haben Martin Bahr und Ewald Hanke fast ringgleich die Positionen eins und zwei inne. J\u00fcrgen Todt ist F\u00fcnfter, Markus B\u00f6melburg Siebter.<\/p>\n<p>Letzterer nimmt ab der bereits gestarteten Saison 2014 mit Elmar Dr\u00fcke und Bernward Mutter am Rundenwettkampf teil. \u00bbDer Schie\u00dfsport in Ovenhausen wird immer popul\u00e4rer\u00ab, betont Martin Bahr. Mittlerweile sind acht Jugendliche im Verein aktiv, welche die ersten Wettk\u00e4mpfe bereits anvisiert haben. Von den f\u00fcnf Routiniers in ihrem Verein werden sie noch sehr viel lernen.<\/p>\n<div id=\"attachment_263\" style=\"width: 810px\" class=\"wp-caption alignnone\"><a href=\"https:\/\/i0.wp.com\/test.hsv-ovenhausen.de\/hsv-neu\/wp-content\/uploads\/2014\/08\/Schiessgruppejunioren.jpg\"><img data-recalc-dims=\"1\" loading=\"lazy\" decoding=\"async\" aria-describedby=\"caption-attachment-263\" class=\"wp-image-263 size-full\" src=\"https:\/\/i0.wp.com\/test.hsv-ovenhausen.de\/hsv-neu\/wp-content\/uploads\/2014\/08\/Schiessgruppejunioren.jpg?resize=700%2C318\" alt=\"Der HSV Ovenhausen hat f\u00fcr die Zukunft noch gro\u00dfe Ziele im Visier.\" width=\"700\" height=\"318\" data-id=\"263\" \/><\/a><p id=\"caption-attachment-263\" class=\"wp-caption-text\">Der HSV Ovenhausen hat f\u00fcr die Zukunft noch gro\u00dfe Ziele im Visier.<\/p><\/div>\n","protected":false},"excerpt":{"rendered":"<p>Spitzenreiter in der Leistungsklasse &#8211; HSV holt Top-Platzierungen und Titel Ob Luftgewehr oder Kleinkaliber \u2013 die Sportsch\u00fctzen des HSV Ovenhausen sind im Kreis H\u00f6xter die treffsichersten. Sogar auf Bundesebene hat es f\u00fcr einen Sportler im Oktober Grund zum Jubeln gegeben.&hellip; <\/p>\n","protected":false},"author":6,"featured_media":0,"parent":0,"menu_order":3,"comment_status":"closed","ping_status":"closed","template":"","meta":{"jetpack_post_was_ever_published":false,"footnotes":""},"class_list":["post-29","page","type-page","status-publish","hentry"],"jetpack_sharing_enabled":true,"jetpack_shortlink":"https:\/\/wp.me\/P7qpVN-t","jetpack-related-posts":[{"id":2045,"url":"\/?page_id=2045","url_meta":{"origin":29,"position":0},"title":"2016","author":"Martin Bahr","date":"23. April 2016","format":false,"excerpt":"HSV Ovenhausen dominiert in Warburg Schie\u00dfen: Bei den Kreismeisterschaften 2016\u00a0gewinnen Hanke, Bahr und Dr\u00fcke alle Disziplinen \u00a5 Ovenhausen (nw). Erfolgreicher geht es kaum \u2013 bei allen Starts siegten die Senioren A des Heimatsch\u00fctzenvereins Ovenhausen in der Mannschafts- sowie in der Einzelwertung bei den Kreismeisterschaften in Warburg. In der Disziplin Kleinkaliber\u2026","rel":"","context":"\u00c4hnlicher Beitrag","block_context":{"text":"\u00c4hnlicher Beitrag","link":""},"img":{"alt_text":"","src":"https:\/\/i0.wp.com\/hsv-ovenhausen.de\/hsv-neu\/wp-content\/uploads\/2017\/01\/1111120151018_154136-300x180.jpg?resize=350%2C200","width":350,"height":200,"srcset":"https:\/\/i0.wp.com\/hsv-ovenhausen.de\/hsv-neu\/wp-content\/uploads\/2017\/01\/1111120151018_154136-300x180.jpg?resize=350%2C200 1x, https:\/\/i0.wp.com\/hsv-ovenhausen.de\/hsv-neu\/wp-content\/uploads\/2017\/01\/1111120151018_154136-300x180.jpg?resize=525%2C300 1.5x"},"classes":[]},{"id":2024,"url":"\/?page_id=2024","url_meta":{"origin":29,"position":1},"title":"2016","author":"Martin Bahr","date":"21. April 2016","format":false,"excerpt":"HSV Ovenhausen dominiert in Warburg Schie\u00dfen: Bei den Kreismeisterschaften gewinnen Hanke, Bahr und Dr\u00fcke alle Disziplinen \u00a5 Ovenhausen (nw). Erfolgreicher geht es kaum \u2013 bei allen Starts siegten die Senioren A des Heimatsch\u00fctzenvereins Ovenhausen in der Mannschafts- sowie in der Einzelwertung bei den Kreismeisterschaften in Warburg. In der Disziplin Kleinkaliber\u2026","rel":"","context":"\u00c4hnlicher Beitrag","block_context":{"text":"\u00c4hnlicher Beitrag","link":""},"img":{"alt_text":"","src":"https:\/\/i0.wp.com\/hsv-ovenhausen.de\/hsv-neu\/wp-content\/uploads\/2016\/04\/DSC_6684_pp-4-300x200.jpg?resize=350%2C200","width":350,"height":200,"srcset":"https:\/\/i0.wp.com\/hsv-ovenhausen.de\/hsv-neu\/wp-content\/uploads\/2016\/04\/DSC_6684_pp-4-300x200.jpg?resize=350%2C200 1x, https:\/\/i0.wp.com\/hsv-ovenhausen.de\/hsv-neu\/wp-content\/uploads\/2016\/04\/DSC_6684_pp-4-300x200.jpg?resize=525%2C300 1.5x"},"classes":[]},{"id":1419,"url":"\/?page_id=1419","url_meta":{"origin":29,"position":2},"title":"Rundenwettk. KK","author":"Martin Bahr","date":"13. April 2016","format":false,"excerpt":"HSV Ovenhausen Die Rundenwettk\u00e4mpfe die von September bis Ende M\u00e4rz geschossen werden, wurden in den Klassen LG Auflage 10 Meter und KK Auflage 50 Meter in der Seniorenklasse vom HSV Ovenhausen dominiert. Die Rotjacken siegen in der Mannschafts- sowie in der Einzelwertung mit gro\u00dfem Abstand. KK Auflage 50 Meter Platz\u2026","rel":"","context":"\u00c4hnlicher Beitrag","block_context":{"text":"\u00c4hnlicher Beitrag","link":""},"img":{"alt_text":"DSC_6696_pp","src":"https:\/\/i0.wp.com\/hsv-ovenhausen.de\/hsv-neu\/wp-content\/uploads\/2016\/04\/DSC_6696_pp-300x200.jpg?resize=350%2C200","width":350,"height":200,"srcset":"https:\/\/i0.wp.com\/hsv-ovenhausen.de\/hsv-neu\/wp-content\/uploads\/2016\/04\/DSC_6696_pp-300x200.jpg?resize=350%2C200 1x, https:\/\/i0.wp.com\/hsv-ovenhausen.de\/hsv-neu\/wp-content\/uploads\/2016\/04\/DSC_6696_pp-300x200.jpg?resize=525%2C300 1.5x"},"classes":[]},{"id":1541,"url":"\/?page_id=1541","url_meta":{"origin":29,"position":3},"title":"2015 Senioren A","author":"Martin Bahr","date":"15. April 2016","format":false,"excerpt":"Die Landesmeisterschaften 2015 bei den \"Senioren A\" standen ganz im Zeichen des HSV-Ovenhausen. Geschossen wurde Luftgewehr auf 10 Meter Entfernung. Gerade p\u00fcnktlich zum gro\u00dfen Heimatfest haben die Sch\u00fctzen\u00a0Elmar Dr\u00fcke 299 Ring, Martin Bahr 300 Ring und Ewald Hanke 300 Ring\u00a0diese tolle\u00a0Leistung abrufen k\u00f6nnen. Mit 899 von 900 M\u00f6glichen wurde der\u2026","rel":"","context":"\u00c4hnlicher Beitrag","block_context":{"text":"\u00c4hnlicher Beitrag","link":""},"img":{"alt_text":"","src":"https:\/\/i0.wp.com\/hsv-ovenhausen.de\/hsv-neu\/wp-content\/uploads\/2016\/04\/DSC_6684_pp-1.jpg?fit=1200%2C800&resize=350%2C200","width":350,"height":200,"srcset":"https:\/\/i0.wp.com\/hsv-ovenhausen.de\/hsv-neu\/wp-content\/uploads\/2016\/04\/DSC_6684_pp-1.jpg?fit=1200%2C800&resize=350%2C200 1x, https:\/\/i0.wp.com\/hsv-ovenhausen.de\/hsv-neu\/wp-content\/uploads\/2016\/04\/DSC_6684_pp-1.jpg?fit=1200%2C800&resize=525%2C300 1.5x, https:\/\/i0.wp.com\/hsv-ovenhausen.de\/hsv-neu\/wp-content\/uploads\/2016\/04\/DSC_6684_pp-1.jpg?fit=1200%2C800&resize=700%2C400 2x, https:\/\/i0.wp.com\/hsv-ovenhausen.de\/hsv-neu\/wp-content\/uploads\/2016\/04\/DSC_6684_pp-1.jpg?fit=1200%2C800&resize=1050%2C600 3x"},"classes":[]},{"id":1477,"url":"\/?page_id=1477","url_meta":{"origin":29,"position":4},"title":"2015","author":"Martin Bahr","date":"13. April 2016","format":false,"excerpt":"HSV Ovenhausen sammelt bei den Bezirksmeisterschaften in H\u00f6velhof Kleinkaliber (KK 50 Meter) viele Titel. Beste Einzelsch\u00fctzen im Bezirk - J\u00fcrgen Todt und Martin Bahr Die Mannschaft mit den Sch\u00fctzen: Martin Bahr 296 Ring \u2013 Ewald Hanke 287 Ring und Elmar Dr\u00fcke 275 Ring sicherte sich den Titel in der Klasse\u2026","rel":"","context":"\u00c4hnlicher Beitrag","block_context":{"text":"\u00c4hnlicher Beitrag","link":""},"img":{"alt_text":"DSC_6684_pp","src":"https:\/\/i0.wp.com\/hsv-ovenhausen.de\/hsv-neu\/wp-content\/uploads\/2016\/04\/DSC_6684_pp-2-300x200.jpg?resize=350%2C200","width":350,"height":200},"classes":[]},{"id":6,"url":"\/?page_id=6","url_meta":{"origin":29,"position":5},"title":"Geschichte","author":"Sebastian Werpup","date":"3. Juni 2014","format":false,"excerpt":"Der Heimat- und Sch\u00fctzenverein Ovenhausen von 1575 e.V. kann als Tr\u00e4ger des traditionellen Sch\u00fctzenwesens in unserem Dorf auf eine mehr als 400- j\u00e4hrige Vereinsgeschichte stolz sein. Im Laufe der Vereinsgeschichte hat sich sein Aufgabenspektrum st\u00e4ndig weiterentwickelt, so das derzeit neben dem Sch\u00fctzenbrauchtum und dem Schie\u00dfsport s\u00e4mtliche Karnevalsaktivit\u00e4ten, die Belange des\u2026","rel":"","context":"\u00c4hnlicher Beitrag","block_context":{"text":"\u00c4hnlicher Beitrag","link":""},"img":{"alt_text":"","src":"","width":0,"height":0},"classes":[]}],"_links":{"self":[{"href":"\/index.php?rest_route=\/wp\/v2\/pages\/29","targetHints":{"allow":["GET"]}}],"collection":[{"href":"\/index.php?rest_route=\/wp\/v2\/pages"}],"about":[{"href":"\/index.php?rest_route=\/wp\/v2\/types\/page"}],"author":[{"embeddable":true,"href":"\/index.php?rest_route=\/wp\/v2\/users\/6"}],"replies":[{"embeddable":true,"href":"\/index.php?rest_route=%2Fwp%2Fv2%2Fcomments&post=29"}],"version-history":[{"count":5,"href":"\/index.php?rest_route=\/wp\/v2\/pages\/29\/revisions"}],"predecessor-version":[{"id":4539,"href":"\/index.php?rest_route=\/wp\/v2\/pages\/29\/revisions\/4539"}],"wp:attachment":[{"href":"\/index.php?rest_route=%2Fwp%2Fv2%2Fmedia&parent=29"}],"curies":[{"name":"wp","href":"https:\/\/api.w.org\/{rel}","templated":true}]}}