{"id":1961,"date":"2016-04-20T13:48:05","date_gmt":"2016-04-20T11:48:05","guid":{"rendered":"http:\/\/hsv-ovenhausen.de\/?page_id=1961"},"modified":"2016-04-20T13:48:05","modified_gmt":"2016-04-20T11:48:05","slug":"rundenwettk-lg","status":"publish","type":"page","link":"\/?page_id=1961","title":{"rendered":"Rundenwettk. LG"},"content":{"rendered":"","protected":false},"excerpt":{"rendered":"","protected":false},"author":6,"featured_media":0,"parent":29,"menu_order":0,"comment_status":"closed","ping_status":"closed","template":"","meta":{"jetpack_post_was_ever_published":false,"footnotes":""},"class_list":["post-1961","page","type-page","status-publish","hentry"],"jetpack_sharing_enabled":true,"jetpack_shortlink":"https:\/\/wp.me\/P7qpVN-vD","jetpack-related-posts":[{"id":1963,"url":"\/?page_id=1963","url_meta":{"origin":1961,"position":0},"title":"2014\/2015","author":"Martin Bahr","date":"20. April 2016","format":false,"excerpt":"Rundenwettk\u00e4mpfe LG aufgelegt 10 Meter HSV Ovenhausen verteidigt souver\u00e4n den Titel P Name 1. 2. 3. 4. 5. 6. SA. 1 Ovenhausen I 896 894 893 898 899 897 5377 2 Brakel IV 890 889 892 893 881 888 5333 3 Brakel III 892 888 893 889 880 889 5331\u2026","rel":"","context":"\u00c4hnlicher Beitrag","block_context":{"text":"\u00c4hnlicher Beitrag","link":""},"img":{"alt_text":"DSC_6683","src":"https:\/\/i0.wp.com\/hsv-ovenhausen.de\/hsv-neu\/wp-content\/uploads\/2016\/04\/DSC_6683-300x200.jpg?resize=350%2C200","width":350,"height":200},"classes":[]},{"id":2573,"url":"\/?page_id=2573","url_meta":{"origin":1961,"position":1},"title":"2015\/2016","author":"Martin Bahr","date":"9. Januar 2017","format":false,"excerpt":"Auch die Rundenwettk\u00e4mpfe der Saison 2015\/2016 LG 10 Meter wurden souver\u00e4n gewonnen. In der Mannschaftswertung belegt der HSV Ovenhausen\u00a0die ersten beiden\u00a0 Pl\u00e4tze in der Abschlusstabelle \u00a0P \u00a0Verein\u00a0\u00a0 1 2 3 4 5 6 \u00a0SA 1 \u00a0HSV Ovenhausen I\u00a0\u00a0 894 896 897 893 899 897 5376 2 \u00a0HSV Ovenh. \u00a0II\u00a0\u00a0 894\u2026","rel":"","context":"\u00c4hnlicher Beitrag","block_context":{"text":"\u00c4hnlicher Beitrag","link":""},"img":{"alt_text":"","src":"https:\/\/i0.wp.com\/hsv-ovenhausen.de\/hsv-neu\/wp-content\/uploads\/2017\/01\/DSC_6696_pp-3-300x200.jpg?resize=350%2C200","width":350,"height":200,"srcset":"https:\/\/i0.wp.com\/hsv-ovenhausen.de\/hsv-neu\/wp-content\/uploads\/2017\/01\/DSC_6696_pp-3-300x200.jpg?resize=350%2C200 1x, https:\/\/i0.wp.com\/hsv-ovenhausen.de\/hsv-neu\/wp-content\/uploads\/2017\/01\/DSC_6696_pp-3-300x200.jpg?resize=525%2C300 1.5x"},"classes":[]},{"id":1419,"url":"\/?page_id=1419","url_meta":{"origin":1961,"position":2},"title":"Rundenwettk. KK","author":"Martin Bahr","date":"13. April 2016","format":false,"excerpt":"HSV Ovenhausen Die Rundenwettk\u00e4mpfe die von September bis Ende M\u00e4rz geschossen werden, wurden in den Klassen LG Auflage 10 Meter und KK Auflage 50 Meter in der Seniorenklasse vom HSV Ovenhausen dominiert. Die Rotjacken siegen in der Mannschafts- sowie in der Einzelwertung mit gro\u00dfem Abstand. KK Auflage 50 Meter Platz\u2026","rel":"","context":"\u00c4hnlicher Beitrag","block_context":{"text":"\u00c4hnlicher Beitrag","link":""},"img":{"alt_text":"DSC_6696_pp","src":"https:\/\/i0.wp.com\/hsv-ovenhausen.de\/hsv-neu\/wp-content\/uploads\/2016\/04\/DSC_6696_pp-300x200.jpg?resize=350%2C200","width":350,"height":200,"srcset":"https:\/\/i0.wp.com\/hsv-ovenhausen.de\/hsv-neu\/wp-content\/uploads\/2016\/04\/DSC_6696_pp-300x200.jpg?resize=350%2C200 1x, https:\/\/i0.wp.com\/hsv-ovenhausen.de\/hsv-neu\/wp-content\/uploads\/2016\/04\/DSC_6696_pp-300x200.jpg?resize=525%2C300 1.5x"},"classes":[]},{"id":1461,"url":"\/?page_id=1461","url_meta":{"origin":1961,"position":3},"title":"Landesmeisterschaft LG","author":"Martin Bahr","date":"13. April 2016","format":false,"excerpt":"","rel":"","context":"\u00c4hnlicher Beitrag","block_context":{"text":"\u00c4hnlicher Beitrag","link":""},"img":{"alt_text":"","src":"","width":0,"height":0},"classes":[]},{"id":1457,"url":"\/?page_id=1457","url_meta":{"origin":1961,"position":4},"title":"Deutsche Meistersch. LG","author":"Martin Bahr","date":"13. April 2016","format":false,"excerpt":"","rel":"","context":"\u00c4hnlicher Beitrag","block_context":{"text":"\u00c4hnlicher Beitrag","link":""},"img":{"alt_text":"","src":"","width":0,"height":0},"classes":[]},{"id":1929,"url":"\/?page_id=1929","url_meta":{"origin":1961,"position":5},"title":"Kreisschie\u00dfsp. HX-LG","author":"Martin Bahr","date":"16. April 2016","format":false,"excerpt":"","rel":"","context":"\u00c4hnlicher Beitrag","block_context":{"text":"\u00c4hnlicher Beitrag","link":""},"img":{"alt_text":"","src":"","width":0,"height":0},"classes":[]}],"_links":{"self":[{"href":"\/index.php?rest_route=\/wp\/v2\/pages\/1961","targetHints":{"allow":["GET"]}}],"collection":[{"href":"\/index.php?rest_route=\/wp\/v2\/pages"}],"about":[{"href":"\/index.php?rest_route=\/wp\/v2\/types\/page"}],"author":[{"embeddable":true,"href":"\/index.php?rest_route=\/wp\/v2\/users\/6"}],"replies":[{"embeddable":true,"href":"\/index.php?rest_route=%2Fwp%2Fv2%2Fcomments&post=1961"}],"version-history":[{"count":1,"href":"\/index.php?rest_route=\/wp\/v2\/pages\/1961\/revisions"}],"predecessor-version":[{"id":1962,"href":"\/index.php?rest_route=\/wp\/v2\/pages\/1961\/revisions\/1962"}],"up":[{"embeddable":true,"href":"\/index.php?rest_route=\/wp\/v2\/pages\/29"}],"wp:attachment":[{"href":"\/index.php?rest_route=%2Fwp%2Fv2%2Fmedia&parent=1961"}],"curies":[{"name":"wp","href":"https:\/\/api.w.org\/{rel}","templated":true}]}}