{"id":1428,"date":"2016-04-13T17:35:46","date_gmt":"2016-04-13T15:35:46","guid":{"rendered":"http:\/\/hsv-ovenhausen.de\/?page_id=1428"},"modified":"2016-04-13T23:39:24","modified_gmt":"2016-04-13T21:39:24","slug":"bezirksmeisterschaft-kk","status":"publish","type":"page","link":"\/?page_id=1428","title":{"rendered":"Bezirksmeisterschaft KK"},"content":{"rendered":"","protected":false},"excerpt":{"rendered":"","protected":false},"author":6,"featured_media":0,"parent":29,"menu_order":0,"comment_status":"closed","ping_status":"closed","template":"","meta":{"jetpack_post_was_ever_published":false,"footnotes":""},"class_list":["post-1428","page","type-page","status-publish","hentry"],"jetpack_sharing_enabled":true,"jetpack_shortlink":"https:\/\/wp.me\/P7qpVN-n2","jetpack-related-posts":[{"id":1477,"url":"\/?page_id=1477","url_meta":{"origin":1428,"position":0},"title":"2015","author":"Martin Bahr","date":"13. April 2016","format":false,"excerpt":"HSV Ovenhausen sammelt bei den Bezirksmeisterschaften in H\u00f6velhof Kleinkaliber (KK 50 Meter) viele Titel. Beste Einzelsch\u00fctzen im Bezirk - J\u00fcrgen Todt und Martin Bahr Die Mannschaft mit den Sch\u00fctzen: Martin Bahr 296 Ring \u2013 Ewald Hanke 287 Ring und Elmar Dr\u00fcke 275 Ring sicherte sich den Titel in der Klasse\u2026","rel":"","context":"\u00c4hnlicher Beitrag","block_context":{"text":"\u00c4hnlicher Beitrag","link":""},"img":{"alt_text":"DSC_6684_pp","src":"https:\/\/i0.wp.com\/hsv-ovenhausen.de\/hsv-neu\/wp-content\/uploads\/2016\/04\/DSC_6684_pp-2-300x200.jpg?resize=350%2C200","width":350,"height":200},"classes":[]},{"id":1481,"url":"\/?page_id=1481","url_meta":{"origin":1428,"position":1},"title":"2016","author":"Martin Bahr","date":"13. April 2016","format":false,"excerpt":"HSV Ovenhausen ist Bezirksmeister Die \u201eSenioren A\u201c des HSV Ovenhausen sicherten sich den Bezirksmeistertitel beim KK-Schie\u00dfen \u00fcber 50 Meter in H\u00f6velhof mit 870 Ring. Platz 1\u00a0\u00a0\u00a0\u00a0\u00a0\u00a0\u00a0\u00a0\u00a0\u00a0\u00a0\u00a0 HSV Ovenhausen\u00a0\u00a0\u00a0\u00a0\u00a0\u00a0\u00a0\u00a0\u00a0\u00a0\u00a0\u00a0\u00a0\u00a0\u00a0\u00a0\u00a0\u00a0 870 Ring Platz 2\u00a0\u00a0\u00a0\u00a0\u00a0\u00a0\u00a0\u00a0\u00a0\u00a0\u00a0\u00a0 ST.Hubertus Brilon\u00a0\u00a0\u00a0\u00a0\u00a0\u00a0\u00a0\u00a0\u00a0\u00a0\u00a0\u00a0\u00a0\u00a0\u00a0 856 Ring Platz 3\u00a0\u00a0\u00a0\u00a0\u00a0\u00a0\u00a0\u00a0\u00a0\u00a0\u00a0\u00a0 BSV Brakel 2\u00a0\u00a0\u00a0\u00a0\u00a0\u00a0\u00a0\u00a0\u00a0\u00a0\u00a0\u00a0\u00a0\u00a0\u00a0\u00a0\u00a0\u00a0\u00a0\u00a0\u00a0\u00a0\u00a0\u00a0\u00a0 841 Ring Platz 4\u00a0\u00a0\u00a0\u00a0\u00a0\u00a0\u00a0\u00a0\u00a0\u00a0\u00a0\u00a0 BSV Brakel 1\u00a0\u00a0\u00a0\u00a0\u00a0\u00a0\u00a0\u00a0\u00a0\u00a0\u00a0\u00a0\u00a0\u00a0\u00a0\u00a0\u00a0\u00a0\u00a0\u00a0\u00a0\u00a0\u00a0\u00a0\u00a0 835 Ring\u2026","rel":"","context":"\u00c4hnlicher Beitrag","block_context":{"text":"\u00c4hnlicher Beitrag","link":""},"img":{"alt_text":"DSC_6684_pp","src":"https:\/\/i0.wp.com\/hsv-ovenhausen.de\/hsv-neu\/wp-content\/uploads\/2016\/04\/DSC_6684_pp-3-300x200.jpg?resize=350%2C200","width":350,"height":200},"classes":[]},{"id":2030,"url":"\/?page_id=2030","url_meta":{"origin":1428,"position":2},"title":"2016","author":"Martin Bahr","date":"22. April 2016","format":false,"excerpt":"Bezirksmeisterschaft KK 100 Meter \u2013 Senioren A Die erste Mannschaft des HSV Ovenhausen mit den Sch\u00fctzen: Ewald Hanke 298 \u2013 Elmar Dr\u00fcke 298 und Martin Bahr 297 sichern sich den Titel vor Brakel Platz 1\u00a0\u00a0\u00a0\u00a0\u00a0\u00a0\u00a0\u00a0\u00a0\u00a0\u00a0\u00a0\u00a0\u00a0\u00a0\u00a0 HSV Ovenhausen\u00a0\u00a0\u00a0\u00a0\u00a0\u00a0\u00a0\u00a0\u00a0\u00a0\u00a0 893 Ring Platz 2\u00a0\u00a0\u00a0\u00a0\u00a0\u00a0\u00a0\u00a0\u00a0\u00a0\u00a0\u00a0\u00a0\u00a0\u00a0\u00a0 Brakel I\u00a0\u00a0\u00a0\u00a0\u00a0\u00a0\u00a0\u00a0\u00a0\u00a0\u00a0\u00a0\u00a0\u00a0\u00a0\u00a0\u00a0\u00a0\u00a0\u00a0\u00a0\u00a0\u00a0\u00a0\u00a0\u00a0\u00a0\u00a0 887 Ring Von links: Elmar Dr\u00fcke \u2013\u2026","rel":"","context":"\u00c4hnlicher Beitrag","block_context":{"text":"\u00c4hnlicher Beitrag","link":""},"img":{"alt_text":"DSC_6684_pp","src":"https:\/\/i0.wp.com\/hsv-ovenhausen.de\/hsv-neu\/wp-content\/uploads\/2016\/04\/DSC_6684_pp-3-300x200.jpg?resize=350%2C200","width":350,"height":200},"classes":[]},{"id":2543,"url":"\/?page_id=2543","url_meta":{"origin":1428,"position":3},"title":"2017","author":"Martin Bahr","date":"6. Januar 2017","format":false,"excerpt":"In Warburg wurden die Kreismeisterschaften in der Disziplin KK 100 Meter geschossen. In der derzeitigen \"Paradedisziplin\" des HSV Ovenhausen zeigten die amtierenden Deutschen Meister Ihre gro\u00dfe Klasse und gewannen vor dem BSV \u00a0Brakel. 1 - HSV Ovenhausen \u00a0\u00a0\u00a0 \u00a0895 Ring 2 - BSV Brakel e.V. \u00a0\u00a0\u00a0\u00a0\u00a0\u00a0\u00a0 885 Ring Zur Info:\u2026","rel":"","context":"\u00c4hnlicher Beitrag","block_context":{"text":"\u00c4hnlicher Beitrag","link":""},"img":{"alt_text":"","src":"https:\/\/i0.wp.com\/hsv-ovenhausen.de\/hsv-neu\/wp-content\/uploads\/2017\/01\/1111120151018_154136-300x180.jpg?resize=350%2C200","width":350,"height":200,"srcset":"https:\/\/i0.wp.com\/hsv-ovenhausen.de\/hsv-neu\/wp-content\/uploads\/2017\/01\/1111120151018_154136-300x180.jpg?resize=350%2C200 1x, https:\/\/i0.wp.com\/hsv-ovenhausen.de\/hsv-neu\/wp-content\/uploads\/2017\/01\/1111120151018_154136-300x180.jpg?resize=525%2C300 1.5x"},"classes":[]},{"id":2537,"url":"\/?page_id=2537","url_meta":{"origin":1428,"position":4},"title":"2017","author":"Martin Bahr","date":"6. Januar 2017","format":false,"excerpt":"Nach dem gro\u00dfen Erfolg beim LG, \u00fcberlie\u00dfen die \u201eSenioren A\u201c des HSV Ovenhausen nichts dem Zufall. Konzentriert mit tollen Ergebnissen wurde auch dieser Wettbewerb KK 50 Meter gewonnen und der Kreismeistertitel 2017, wie bereits im letzten Jahr, \u00a0gesichert. In Beller wurde die Disziplin KK 50 Meter geschossen 1 - HSV\u2026","rel":"","context":"\u00c4hnlicher Beitrag","block_context":{"text":"\u00c4hnlicher Beitrag","link":""},"img":{"alt_text":"","src":"https:\/\/i0.wp.com\/hsv-ovenhausen.de\/hsv-neu\/wp-content\/uploads\/2017\/01\/DSC_6684_pp-4-1-300x200.jpg?resize=350%2C200","width":350,"height":200},"classes":[]},{"id":1422,"url":"\/?page_id=1422","url_meta":{"origin":1428,"position":5},"title":"Bezirksmeisterschaft LG","author":"Martin Bahr","date":"13. April 2016","format":false,"excerpt":"","rel":"","context":"\u00c4hnlicher Beitrag","block_context":{"text":"\u00c4hnlicher Beitrag","link":""},"img":{"alt_text":"","src":"","width":0,"height":0},"classes":[]}],"_links":{"self":[{"href":"\/index.php?rest_route=\/wp\/v2\/pages\/1428","targetHints":{"allow":["GET"]}}],"collection":[{"href":"\/index.php?rest_route=\/wp\/v2\/pages"}],"about":[{"href":"\/index.php?rest_route=\/wp\/v2\/types\/page"}],"author":[{"embeddable":true,"href":"\/index.php?rest_route=\/wp\/v2\/users\/6"}],"replies":[{"embeddable":true,"href":"\/index.php?rest_route=%2Fwp%2Fv2%2Fcomments&post=1428"}],"version-history":[{"count":1,"href":"\/index.php?rest_route=\/wp\/v2\/pages\/1428\/revisions"}],"predecessor-version":[{"id":1429,"href":"\/index.php?rest_route=\/wp\/v2\/pages\/1428\/revisions\/1429"}],"up":[{"embeddable":true,"href":"\/index.php?rest_route=\/wp\/v2\/pages\/29"}],"wp:attachment":[{"href":"\/index.php?rest_route=%2Fwp%2Fv2%2Fmedia&parent=1428"}],"curies":[{"name":"wp","href":"https:\/\/api.w.org\/{rel}","templated":true}]}}